{"id":190,"date":"2020-01-19T13:34:58","date_gmt":"2020-01-19T13:34:58","guid":{"rendered":"http:\/\/hausverwalter-duesseldorf.de\/?page_id=190"},"modified":"2023-07-16T22:58:38","modified_gmt":"2023-07-16T22:58:38","slug":"rabattmodell","status":"publish","type":"page","link":"http:\/\/hausverwalter-duesseldorf.de\/?page_id=190","title":{"rendered":"Rabattmodell"},"content":{"rendered":"\n<p><strong><strong>Faires Preis- \/ Leistungsverh\u00e4ltnis:<\/strong> <\/strong>Vielleicht arbeiten Sie gerne? Wir auch, aber niemals aus Selbstzweck. Wir haben gern den Schreibtisch frei und machen gern um drei Uhr Feierabend. Die Notfall-Hotline ist nat\u00fcrlich trotzdem rund um die Uhr besetzt.<\/p>\n\n\n\n<figure class=\"wp-block-image\"><img loading=\"lazy\" decoding=\"async\" width=\"1024\" height=\"683\" src=\"http:\/\/hausverwalter-duesseldorf.de\/wp-content\/uploads\/2020\/01\/IMG_6811-1024x683.jpg\" alt=\"\" class=\"wp-image-424\" srcset=\"http:\/\/hausverwalter-duesseldorf.de\/wp-content\/uploads\/2020\/01\/IMG_6811-1024x683.jpg 1024w, http:\/\/hausverwalter-duesseldorf.de\/wp-content\/uploads\/2020\/01\/IMG_6811-300x200.jpg 300w, http:\/\/hausverwalter-duesseldorf.de\/wp-content\/uploads\/2020\/01\/IMG_6811-768x512.jpg 768w\" sizes=\"(max-width: 706px) 89vw, (max-width: 767px) 82vw, 740px\" \/><figcaption>Foto: Stephan Walochnik<\/figcaption><\/figure>\n\n\n\n<p>Die Analyse unseres Verwaltungsbestands hat gezeigt, dass bestimmte Eigent\u00fcmergemeinschaften einen sehr geringen Verwaltungsaufwand mit sich bringen. <strong>Diese Geb\u00e4ude erhalten einen dauerhaften Rabatt<\/strong>, weil es wichtig ist, Sie an diesen Vorteilen zu beteiligen.<\/p>\n\n\n\n<p><strong><strong>Mit folgendem Rabattmodell bevorzugen wir ganz bewusst Eigent\u00fcmergemeinschaften, bei denen der Arbeitsaufwand nicht ausufert.<\/strong><\/strong><\/p>\n\n\n\n<figure class=\"wp-block-table\"><table><tbody><tr><td><strong>Dies sind die Kriterien <\/strong>(bezogen auf das Gesamthaus pro Kalenderjahr): <br><\/td><\/tr><\/tbody><\/table><\/figure>\n\n\n\n<ul><li>Nur eine Eigent\u00fcmerversammlung pro Jahr.<\/li><li>Eigent\u00fcmerversammlung dauert  60 Minuten oder weniger.<\/li><li>Kein Rechtsstreit und kein  au\u00dfergerichtlicher juristischer Konflikt.<\/li><li>Kein Zahlungsr\u00fcckstand von  mehr als 2 Monaten.<\/li><li>Abgesehen von Bagatellen im Gegenwert unter 1.200 EUR keine Reparatur-, Instandhaltungs- oder Instandsetzungsma\u00dfnahmen.  <\/li><li>Keine Versicherungssch\u00e4den.<\/li><\/ul>\n\n\n\n<figure class=\"wp-block-image\"><img loading=\"lazy\" decoding=\"async\" width=\"1024\" height=\"473\" src=\"http:\/\/hausverwalter-duesseldorf.de\/wp-content\/uploads\/2020\/01\/20200119-Graphik-f-Netzseite-2--1024x473.png\" alt=\"\" class=\"wp-image-318\" srcset=\"http:\/\/hausverwalter-duesseldorf.de\/wp-content\/uploads\/2020\/01\/20200119-Graphik-f-Netzseite-2--1024x473.png 1024w, http:\/\/hausverwalter-duesseldorf.de\/wp-content\/uploads\/2020\/01\/20200119-Graphik-f-Netzseite-2--300x139.png 300w, http:\/\/hausverwalter-duesseldorf.de\/wp-content\/uploads\/2020\/01\/20200119-Graphik-f-Netzseite-2--768x355.png 768w, http:\/\/hausverwalter-duesseldorf.de\/wp-content\/uploads\/2020\/01\/20200119-Graphik-f-Netzseite-2-.png 1033w\" sizes=\"(max-width: 706px) 89vw, (max-width: 767px) 82vw, 740px\" \/><\/figure>\n\n\n\n<p>Dieses Bonussystem gilt <strong>nicht nur in den ersten Jahren, sondern f\u00fcr die gesamte Dauer unserer Zusammenarbeit<\/strong>. In jedem Jahr, in dem die unten genannten Kriterien erf\u00fcllt sind, erhalten Sie den Rabatt nach diesem Stufensystem. Er wird jeden Februar r\u00fcckwirkend f\u00fcr das Vorjahr an die WEG ausgezahlt. \u00a0<\/p>\n","protected":false},"excerpt":{"rendered":"<p>Faires Preis- \/ Leistungsverh\u00e4ltnis: Vielleicht arbeiten Sie gerne? Wir auch, aber niemals aus Selbstzweck. Wir haben gern den Schreibtisch frei und machen gern um drei Uhr Feierabend. Die Notfall-Hotline ist nat\u00fcrlich trotzdem rund um die Uhr besetzt. Die Analyse unseres Verwaltungsbestands hat gezeigt, dass bestimmte Eigent\u00fcmergemeinschaften einen sehr geringen Verwaltungsaufwand mit sich bringen. Diese Geb\u00e4ude &hellip; <\/p>\n<p class=\"link-more\"><a href=\"http:\/\/hausverwalter-duesseldorf.de\/?page_id=190\" class=\"more-link\"><span class=\"screen-reader-text\">\u201eRabattmodell\u201c<\/span> weiterlesen<\/a><\/p>\n","protected":false},"author":1,"featured_media":0,"parent":0,"menu_order":0,"comment_status":"closed","ping_status":"closed","template":"","meta":{"footnotes":""},"_links":{"self":[{"href":"http:\/\/hausverwalter-duesseldorf.de\/index.php?rest_route=\/wp\/v2\/pages\/190"}],"collection":[{"href":"http:\/\/hausverwalter-duesseldorf.de\/index.php?rest_route=\/wp\/v2\/pages"}],"about":[{"href":"http:\/\/hausverwalter-duesseldorf.de\/index.php?rest_route=\/wp\/v2\/types\/page"}],"author":[{"embeddable":true,"href":"http:\/\/hausverwalter-duesseldorf.de\/index.php?rest_route=\/wp\/v2\/users\/1"}],"replies":[{"embeddable":true,"href":"http:\/\/hausverwalter-duesseldorf.de\/index.php?rest_route=%2Fwp%2Fv2%2Fcomments&post=190"}],"version-history":[{"count":6,"href":"http:\/\/hausverwalter-duesseldorf.de\/index.php?rest_route=\/wp\/v2\/pages\/190\/revisions"}],"predecessor-version":[{"id":586,"href":"http:\/\/hausverwalter-duesseldorf.de\/index.php?rest_route=\/wp\/v2\/pages\/190\/revisions\/586"}],"wp:attachment":[{"href":"http:\/\/hausverwalter-duesseldorf.de\/index.php?rest_route=%2Fwp%2Fv2%2Fmedia&parent=190"}],"curies":[{"name":"wp","href":"https:\/\/api.w.org\/{rel}","templated":true}]}}