{"id":183,"date":"2020-01-19T13:33:42","date_gmt":"2020-01-19T13:33:42","guid":{"rendered":"http:\/\/hausverwalter-duesseldorf.de\/?page_id=183"},"modified":"2026-01-30T13:44:53","modified_gmt":"2026-01-30T13:44:53","slug":"eigentuemerversammlung","status":"publish","type":"page","link":"https:\/\/hausverwalter-duesseldorf.de\/?page_id=183","title":{"rendered":"Eigent\u00fcmerversammlung"},"content":{"rendered":"\n<p>Sie k\u00f6nnen sich in Zukunft wieder auf die\nEigent\u00fcmerversammlung freuen.<\/p>\n\n\n\n<figure class=\"wp-block-image\"><img loading=\"lazy\" decoding=\"async\" width=\"1024\" height=\"683\" src=\"http:\/\/hausverwalter-duesseldorf.de\/wp-content\/uploads\/2020\/01\/IMG_8249-1024x683.jpg\" alt=\"\" class=\"wp-image-448\" srcset=\"https:\/\/hausverwalter-duesseldorf.de\/wp-content\/uploads\/2020\/01\/IMG_8249-1024x683.jpg 1024w, https:\/\/hausverwalter-duesseldorf.de\/wp-content\/uploads\/2020\/01\/IMG_8249-300x200.jpg 300w, https:\/\/hausverwalter-duesseldorf.de\/wp-content\/uploads\/2020\/01\/IMG_8249-768x512.jpg 768w\" sizes=\"(max-width: 706px) 89vw, (max-width: 767px) 82vw, 740px\" \/><figcaption class=\"wp-element-caption\">Foto: Stephan Walochnik<\/figcaption><\/figure>\n\n\n\n<p>Nein, es wird keine bunte Veranstaltung und es gibt auch keinen Kuchen. Es kommt viel besser: Die Einladung erhalten Sie per Mail (selbstverst\u00e4ndlich auch per Post, weil der Gesetzgeber das so m\u00f6chte).<\/p>\n\n\n\n<p>Die Einladung besteht aus einem Anschreiben, der Tagesordnung mit <strong>aussagekr\u00e4ftigen \u00dcberschriften<\/strong> sowie einem Berichtsheft, in dem alle Tagesordnungspunkte sehr detailliert erkl\u00e4rt werden.<\/p>\n\n\n\n<p>Dieses <strong>Beiheft<\/strong> bietet Ihnen einen <strong>transparenten \u00dcberblick<\/strong>, zu <strong>welchen Themen<\/strong> auf der Eigent\u00fcmerversammlung <strong>Entscheidungen gef\u00e4llt<\/strong> werden sollen. Hier finden Sie alle Hintergrundinformationen, z.B. Kostenvoranschl\u00e4ge, Fotos der Gegebenheiten vor Ort etc., damit Sie wissen, wor\u00fcber abgestimmt werden soll.<\/p>\n\n\n\n<p>Nat\u00fcrlich finden Sie im Beiheft auch die Ergebnisse der Jahresabrechnung, damit Sie auch bei diesem TOP alle Informationen vorliegen haben.<\/p>\n\n\n\n<p><strong>Im Mittelpunkt stehen immer Sie.<\/strong> Damit Sie wissen, zu welchen Themen Entscheidungen getroffen werden, und welche Hintergrundinformationen Sie ben\u00f6tigen, um sich bestm\u00f6glich informieren zu k\u00f6nnen.<\/p>\n\n\n\n<figure class=\"wp-block-image\"><img loading=\"lazy\" decoding=\"async\" width=\"1024\" height=\"683\" src=\"http:\/\/hausverwalter-duesseldorf.de\/wp-content\/uploads\/2020\/01\/MG_8270-2-1024x683.jpg\" alt=\"\" class=\"wp-image-230\" srcset=\"https:\/\/hausverwalter-duesseldorf.de\/wp-content\/uploads\/2020\/01\/MG_8270-2-1024x683.jpg 1024w, https:\/\/hausverwalter-duesseldorf.de\/wp-content\/uploads\/2020\/01\/MG_8270-2-300x200.jpg 300w, https:\/\/hausverwalter-duesseldorf.de\/wp-content\/uploads\/2020\/01\/MG_8270-2-768x512.jpg 768w\" sizes=\"(max-width: 706px) 89vw, (max-width: 767px) 82vw, 740px\" \/><figcaption class=\"wp-element-caption\">Foto: Stephan Walochnik<\/figcaption><\/figure>\n","protected":false},"excerpt":{"rendered":"<p>Sie k\u00f6nnen sich in Zukunft wieder auf die Eigent\u00fcmerversammlung freuen. Nein, es wird keine bunte Veranstaltung und es gibt auch keinen Kuchen. Es kommt viel besser: Die Einladung erhalten Sie per Mail (selbstverst\u00e4ndlich auch per Post, weil der Gesetzgeber das so m\u00f6chte). Die Einladung besteht aus einem Anschreiben, der Tagesordnung mit aussagekr\u00e4ftigen \u00dcberschriften sowie einem &hellip; <\/p>\n<p class=\"link-more\"><a href=\"https:\/\/hausverwalter-duesseldorf.de\/?page_id=183\" class=\"more-link\"><span class=\"screen-reader-text\">\u201eEigent\u00fcmerversammlung\u201c<\/span> weiterlesen<\/a><\/p>\n","protected":false},"author":1,"featured_media":0,"parent":0,"menu_order":0,"comment_status":"closed","ping_status":"closed","template":"","meta":{"footnotes":""},"_links":{"self":[{"href":"https:\/\/hausverwalter-duesseldorf.de\/index.php?rest_route=\/wp\/v2\/pages\/183"}],"collection":[{"href":"https:\/\/hausverwalter-duesseldorf.de\/index.php?rest_route=\/wp\/v2\/pages"}],"about":[{"href":"https:\/\/hausverwalter-duesseldorf.de\/index.php?rest_route=\/wp\/v2\/types\/page"}],"author":[{"embeddable":true,"href":"https:\/\/hausverwalter-duesseldorf.de\/index.php?rest_route=\/wp\/v2\/users\/1"}],"replies":[{"embeddable":true,"href":"https:\/\/hausverwalter-duesseldorf.de\/index.php?rest_route=%2Fwp%2Fv2%2Fcomments&post=183"}],"version-history":[{"count":7,"href":"https:\/\/hausverwalter-duesseldorf.de\/index.php?rest_route=\/wp\/v2\/pages\/183\/revisions"}],"predecessor-version":[{"id":596,"href":"https:\/\/hausverwalter-duesseldorf.de\/index.php?rest_route=\/wp\/v2\/pages\/183\/revisions\/596"}],"wp:attachment":[{"href":"https:\/\/hausverwalter-duesseldorf.de\/index.php?rest_route=%2Fwp%2Fv2%2Fmedia&parent=183"}],"curies":[{"name":"wp","href":"https:\/\/api.w.org\/{rel}","templated":true}]}}