{"id":185,"date":"2020-01-19T13:33:54","date_gmt":"2020-01-19T13:33:54","guid":{"rendered":"http:\/\/hausverwalter-duesseldorf.de\/?page_id=185"},"modified":"2026-01-30T13:48:29","modified_gmt":"2026-01-30T13:48:29","slug":"jahresabrechnung","status":"publish","type":"page","link":"https:\/\/hausverwalter-duesseldorf.de\/?page_id=185","title":{"rendered":"Jahresabrechnung"},"content":{"rendered":"\n<p>Warum werden Beschl\u00fcsse eigentlich angefochten? Man sagt, es habe damit zu tun, dass <strong>Eigent\u00fcmer sich verschaukelt f\u00fchlen<\/strong>. Muss das sein? Nein!<\/p>\n\n\n\n<p>Eigentlich ist es ganz einfach: Die Jahresabrechnung ist <strong>f\u00fcr Sie gemacht<\/strong>. Sie m\u00fcssen sie verstehen, auch wenn Sie kein ausgebildeter Buchhalter sind. Die Bank schickt Ihnen ja auch die Kontoausz\u00fcge in einer Form, die Sie verstehen: Kontostand alt, Einnahmen, Ausgaben und Kontostand neu. Der Gesetzgeber m\u00f6chte, dass auch die WEG-Jahresabrechnung genau nach diesem Schema aufgebaut ist. Das versteht man sofort. Auch wer sich nicht mit BWAs oder Er\u00f6ffnungsbilanzen auskennt, wei\u00df worum es geht. Der WEG-Verwalter ist verantwortlich, Ihnen darzulegen, wohin Ihr Geld geflossen ist. Abgesehen von den Heizkosten ist eine WEG-Jahresabrechnung eine <strong>simple Einnahmen-Ausgaben-Rechnung<\/strong>, die sich an den <strong>Geldbewegungen<\/strong> auf dem Konto orientiert.<\/p>\n\n\n\n<figure class=\"wp-block-image\"><img loading=\"lazy\" decoding=\"async\" width=\"1024\" height=\"683\" src=\"http:\/\/hausverwalter-duesseldorf.de\/wp-content\/uploads\/2020\/01\/MG_9991-1024x683.jpg\" alt=\"\" class=\"wp-image-361\" srcset=\"https:\/\/hausverwalter-duesseldorf.de\/wp-content\/uploads\/2020\/01\/MG_9991-1024x683.jpg 1024w, https:\/\/hausverwalter-duesseldorf.de\/wp-content\/uploads\/2020\/01\/MG_9991-300x200.jpg 300w, https:\/\/hausverwalter-duesseldorf.de\/wp-content\/uploads\/2020\/01\/MG_9991-768x512.jpg 768w\" sizes=\"(max-width: 706px) 89vw, (max-width: 767px) 82vw, 740px\" \/><figcaption class=\"wp-element-caption\">Foto: Stephan Walochnik<\/figcaption><\/figure>\n\n\n\n<p>Ob Ihre Abrechnung nun mit einem Guthaben oder einer Nachzahlung endet \u2013 der Aufbau der Abrechnung ist entscheidend daf\u00fcr, <strong>ob Sie sie verstehen<\/strong>. Diese Frage muss immer im Mittelpunkt stehen. Deswegen ist die Jahresabrechnung keine Bilanz, sondern eine einfache Einnahmen-Ausgaben-Rechnung. Deswegen muss Ihr Hausverwalter die Abrechnung <strong>so transparent wie m\u00f6glich<\/strong> darstellen, damit nicht nur der Beirat, sondern auch alle anderen Wohnungseigent\u00fcmer sie nachvollziehen und \u00fcberpr\u00fcfen k\u00f6nnen.<\/p>\n\n\n\n<p>Die Rechnung muss so einfach und verst\u00e4ndlich wie m\u00f6glich sein, damit jeder Eigent\u00fcmer sie versteht.<\/p>\n\n\n\n<p>Wir tun alles, damit <strong>Transparenz herrscht<\/strong>, was mit Ihrem Geld letztes Jahr passiert ist: Die Jahresabrechnung in der WEG ist eine <strong>einfache Einnahmen-Ausgaben-Rechnung<\/strong>. Nat\u00fcrlich gibt es f\u00fcr bestimmte Dinge Sonderregelungen und alle Hausverwalter m\u00fcssen sich an bestimmte Darstellungsformen halten, das macht die Abrechnung manchmal recht lang. Aber zumindest sind die ersten zwei, drei Seiten entscheidend: <strong>Verstehen Sie die Abrechnung?<\/strong> Diese Frage muss immer im Mittelpunkt stehen.<\/p>\n\n\n\n<p>Sie erhalten die Jahresabrechnung nicht nur per Post, sondern auch <strong>digital <\/strong>als pdf-Datei. Zudem erhalten Sie Zugriff auf alle Belege des letzten Jahres (auch, wenn Sie kein Beirat sind).<\/p>\n\n\n\n<figure class=\"wp-block-image\"><img loading=\"lazy\" decoding=\"async\" width=\"1024\" height=\"683\" src=\"http:\/\/hausverwalter-duesseldorf.de\/wp-content\/uploads\/2020\/01\/MG_0286-1024x683.jpg\" alt=\"\" class=\"wp-image-419\" srcset=\"https:\/\/hausverwalter-duesseldorf.de\/wp-content\/uploads\/2020\/01\/MG_0286-1024x683.jpg 1024w, https:\/\/hausverwalter-duesseldorf.de\/wp-content\/uploads\/2020\/01\/MG_0286-300x200.jpg 300w, https:\/\/hausverwalter-duesseldorf.de\/wp-content\/uploads\/2020\/01\/MG_0286-768x512.jpg 768w\" sizes=\"(max-width: 706px) 89vw, (max-width: 767px) 82vw, 740px\" \/><figcaption class=\"wp-element-caption\"> Foto: Stephan Walochnik <\/figcaption><\/figure>\n","protected":false},"excerpt":{"rendered":"<p>Warum werden Beschl\u00fcsse eigentlich angefochten? Man sagt, es habe damit zu tun, dass Eigent\u00fcmer sich verschaukelt f\u00fchlen. Muss das sein? Nein! Eigentlich ist es ganz einfach: Die Jahresabrechnung ist f\u00fcr Sie gemacht. Sie m\u00fcssen sie verstehen, auch wenn Sie kein ausgebildeter Buchhalter sind. Die Bank schickt Ihnen ja auch die Kontoausz\u00fcge in einer Form, die &hellip; <\/p>\n<p class=\"link-more\"><a href=\"https:\/\/hausverwalter-duesseldorf.de\/?page_id=185\" class=\"more-link\"><span class=\"screen-reader-text\">\u201eJahresabrechnung\u201c<\/span> weiterlesen<\/a><\/p>\n","protected":false},"author":1,"featured_media":0,"parent":0,"menu_order":0,"comment_status":"closed","ping_status":"closed","template":"","meta":{"footnotes":""},"_links":{"self":[{"href":"https:\/\/hausverwalter-duesseldorf.de\/index.php?rest_route=\/wp\/v2\/pages\/185"}],"collection":[{"href":"https:\/\/hausverwalter-duesseldorf.de\/index.php?rest_route=\/wp\/v2\/pages"}],"about":[{"href":"https:\/\/hausverwalter-duesseldorf.de\/index.php?rest_route=\/wp\/v2\/types\/page"}],"author":[{"embeddable":true,"href":"https:\/\/hausverwalter-duesseldorf.de\/index.php?rest_route=\/wp\/v2\/users\/1"}],"replies":[{"embeddable":true,"href":"https:\/\/hausverwalter-duesseldorf.de\/index.php?rest_route=%2Fwp%2Fv2%2Fcomments&post=185"}],"version-history":[{"count":9,"href":"https:\/\/hausverwalter-duesseldorf.de\/index.php?rest_route=\/wp\/v2\/pages\/185\/revisions"}],"predecessor-version":[{"id":599,"href":"https:\/\/hausverwalter-duesseldorf.de\/index.php?rest_route=\/wp\/v2\/pages\/185\/revisions\/599"}],"wp:attachment":[{"href":"https:\/\/hausverwalter-duesseldorf.de\/index.php?rest_route=%2Fwp%2Fv2%2Fmedia&parent=185"}],"curies":[{"name":"wp","href":"https:\/\/api.w.org\/{rel}","templated":true}]}}