{"id":272,"date":"2020-01-19T13:56:06","date_gmt":"2020-01-19T13:56:06","guid":{"rendered":"http:\/\/hausverwalter-duesseldorf.de\/?page_id=272"},"modified":"2026-01-30T13:56:07","modified_gmt":"2026-01-30T13:56:07","slug":"wie-geht-es-weiter-es-beginnt-mit-ihnen","status":"publish","type":"page","link":"https:\/\/hausverwalter-duesseldorf.de\/?page_id=272","title":{"rendered":"Wie geht es weiter? Es beginnt mit Ihnen"},"content":{"rendered":"\n<p>Kurz nach der Wahl zum WEG-Verwalter veranstalten wir eine <strong>informelle Eigent\u00fcmerversammlung,<\/strong> um Themen zu besprechen, die Ihnen wichtig sind. Es werden <strong>keine Beschl\u00fcsse<\/strong> gefasst, sondern <strong>Sichtweisen und Gedanken<\/strong> ausgetauscht.<\/p>\n\n\n\n<figure class=\"wp-block-image\"><img loading=\"lazy\" decoding=\"async\" width=\"1024\" height=\"683\" src=\"http:\/\/hausverwalter-duesseldorf.de\/wp-content\/uploads\/2020\/01\/IMG_5965-1-1024x683.jpg\" alt=\"\" class=\"wp-image-462\" srcset=\"https:\/\/hausverwalter-duesseldorf.de\/wp-content\/uploads\/2020\/01\/IMG_5965-1-1024x683.jpg 1024w, https:\/\/hausverwalter-duesseldorf.de\/wp-content\/uploads\/2020\/01\/IMG_5965-1-300x200.jpg 300w, https:\/\/hausverwalter-duesseldorf.de\/wp-content\/uploads\/2020\/01\/IMG_5965-1-768x512.jpg 768w\" sizes=\"(max-width: 706px) 89vw, (max-width: 767px) 82vw, 740px\" \/><figcaption class=\"wp-element-caption\">Foto: Stephan Walochnik<\/figcaption><\/figure>\n\n\n\n<p>Als Ihre neue Hausverwaltung m\u00fcssen wir die Themen, W\u00fcnsche und Anliegen erst kennenlernen, die in Ihrer Eigent\u00fcmergemeinschaft zu beachten sind. Damit wir Ihre WEG nicht nach Schema F, sondern in Ihrem Interesse betreuen, ist diese Versammlung ungeheuer wichtig, denn die Interessen der WEG sind von Haus zu Haus sehr unterschiedlich.<\/p>\n\n\n\n<p>Auf dieser Versammlung werden keine Beschl\u00fcsse gefasst, denn sie dient dem Kennenlernen. Es werden die Themen besprochen, die Ihnen wichtig sind, und <strong>Sichtweisen und Gedanken ausgetauscht<\/strong>.<\/p>\n\n\n\n<p>Jeder hat die Gelegenheit, seine W\u00fcnsche und Ziele in den Raum zu stellen, und mit uns, aber auch mit den anderen Eigent\u00fcmern zu diskutieren \u2013 denn wir m\u00fcssen ja die unterschiedlichen Vorstellungen in Ihrer WEG verstehen.<\/p>\n\n\n\n<p>Wir werden keine Beschl\u00fcsse fassen. Aber auch nichts \u00fcbers Wetter sprechen. Wir werden auf Basis Ihrer R\u00fcckmeldungen eine<strong> Agenda<\/strong> vorbereiten, damit Sie alle sich vor der Versammlung Gedanken zu allen genannten Themen machen k\u00f6nnen. <\/p>\n\n\n\n<p>Hinweis zu den Formalit\u00e4ten: Die Verwalterwahl findet nat\u00fcrlich vorher statt. F\u00fcr die sog. Bestellung zum WEG-Verwalter ist zwingend ein Mehrheitsbeschluss einer Eigent\u00fcmerversammlung vorgeschrieben \u2013 alternativ geht es auch mit einstimmigem Umlaufbeschluss. Die Einladung zur EV muss der bisherige Verwalter oder der Beirat schreiben. Wir beraten Sie gerne, wenn es n\u00f6tig sein sollte.<\/p>\n","protected":false},"excerpt":{"rendered":"<p>Kurz nach der Wahl zum WEG-Verwalter veranstalten wir eine informelle Eigent\u00fcmerversammlung, um Themen zu besprechen, die Ihnen wichtig sind. Es werden keine Beschl\u00fcsse gefasst, sondern Sichtweisen und Gedanken ausgetauscht. Als Ihre neue Hausverwaltung m\u00fcssen wir die Themen, W\u00fcnsche und Anliegen erst kennenlernen, die in Ihrer Eigent\u00fcmergemeinschaft zu beachten sind. Damit wir Ihre WEG nicht nach &hellip; <\/p>\n<p class=\"link-more\"><a href=\"https:\/\/hausverwalter-duesseldorf.de\/?page_id=272\" class=\"more-link\"><span class=\"screen-reader-text\">\u201eWie geht es weiter? Es beginnt mit Ihnen\u201c<\/span> weiterlesen<\/a><\/p>\n","protected":false},"author":1,"featured_media":0,"parent":0,"menu_order":0,"comment_status":"closed","ping_status":"closed","template":"","meta":{"footnotes":""},"_links":{"self":[{"href":"https:\/\/hausverwalter-duesseldorf.de\/index.php?rest_route=\/wp\/v2\/pages\/272"}],"collection":[{"href":"https:\/\/hausverwalter-duesseldorf.de\/index.php?rest_route=\/wp\/v2\/pages"}],"about":[{"href":"https:\/\/hausverwalter-duesseldorf.de\/index.php?rest_route=\/wp\/v2\/types\/page"}],"author":[{"embeddable":true,"href":"https:\/\/hausverwalter-duesseldorf.de\/index.php?rest_route=\/wp\/v2\/users\/1"}],"replies":[{"embeddable":true,"href":"https:\/\/hausverwalter-duesseldorf.de\/index.php?rest_route=%2Fwp%2Fv2%2Fcomments&post=272"}],"version-history":[{"count":6,"href":"https:\/\/hausverwalter-duesseldorf.de\/index.php?rest_route=\/wp\/v2\/pages\/272\/revisions"}],"predecessor-version":[{"id":604,"href":"https:\/\/hausverwalter-duesseldorf.de\/index.php?rest_route=\/wp\/v2\/pages\/272\/revisions\/604"}],"wp:attachment":[{"href":"https:\/\/hausverwalter-duesseldorf.de\/index.php?rest_route=%2Fwp%2Fv2%2Fmedia&parent=272"}],"curies":[{"name":"wp","href":"https:\/\/api.w.org\/{rel}","templated":true}]}}