{"id":327,"date":"2020-01-19T14:03:52","date_gmt":"2020-01-19T14:03:52","guid":{"rendered":"http:\/\/hausverwalter-duesseldorf.de\/?page_id=327"},"modified":"2026-01-30T13:45:58","modified_gmt":"2026-01-30T13:45:58","slug":"erreichbarkeit","status":"publish","type":"page","link":"https:\/\/hausverwalter-duesseldorf.de\/?page_id=327","title":{"rendered":"Erreichbarkeit"},"content":{"rendered":"\n<p>Wir sind keine Feuerwehr, sondern eine Hausverwaltung. Telefonate und Emails beantworten wir f\u00fcr gew\u00f6hnlich innerhalb von 24 Stunden oder schneller.<\/p>\n\n\n\n<p>Auch nach Feierabend kann ein Notfall passieren, bei dem Sie kurzfristig und dringend Hilfe ben\u00f6tigen. Mit unserem <strong>24 Stunden besetzten Notruftelefon <\/strong>sind wir immer da, wenn Sie uns brauchen.<\/p>\n\n\n\n<p>Mit Hilfe eines Branchendienstleisters sind wir <strong>in Notf\u00e4llen rund um die Uhr f\u00fcr Sie<\/strong> <strong>erreichbar<\/strong>.<\/p>\n\n\n\n<p>Wenn Ihr Abfluss verstopft ist oder Ihre Decke aufgrund eines Rohrbruchs durchn\u00e4sst ist, k\u00f6nnen Sie auf diesem Weg Hilfe erhalten. Dieser zus\u00e4tzliche Service ist jederzeit f\u00fcr Sie oder Ihre Mieter verf\u00fcgbar.<\/p>\n\n\n\n<figure class=\"wp-block-image\"><img loading=\"lazy\" decoding=\"async\" width=\"1024\" height=\"683\" src=\"http:\/\/hausverwalter-duesseldorf.de\/wp-content\/uploads\/2020\/01\/MG_0093-1024x683.jpg\" alt=\"\" class=\"wp-image-294\" srcset=\"https:\/\/hausverwalter-duesseldorf.de\/wp-content\/uploads\/2020\/01\/MG_0093-1024x683.jpg 1024w, https:\/\/hausverwalter-duesseldorf.de\/wp-content\/uploads\/2020\/01\/MG_0093-300x200.jpg 300w, https:\/\/hausverwalter-duesseldorf.de\/wp-content\/uploads\/2020\/01\/MG_0093-768x512.jpg 768w\" sizes=\"(max-width: 706px) 89vw, (max-width: 767px) 82vw, 740px\" \/><figcaption class=\"wp-element-caption\">Foto: Stephan Walochnik<\/figcaption><\/figure>\n\n\n\n<p>Und bitte: Wenn das Haus brennt, rufen Sie bitte nicht die Hausverwaltung, sondern die Feuerwehr \ud83d\ude42<\/p>\n","protected":false},"excerpt":{"rendered":"<p>Wir sind keine Feuerwehr, sondern eine Hausverwaltung. Telefonate und Emails beantworten wir f\u00fcr gew\u00f6hnlich innerhalb von 24 Stunden oder schneller. Auch nach Feierabend kann ein Notfall passieren, bei dem Sie kurzfristig und dringend Hilfe ben\u00f6tigen. Mit unserem 24 Stunden besetzten Notruftelefon sind wir immer da, wenn Sie uns brauchen. Mit Hilfe eines Branchendienstleisters sind wir &hellip; <\/p>\n<p class=\"link-more\"><a href=\"https:\/\/hausverwalter-duesseldorf.de\/?page_id=327\" class=\"more-link\"><span class=\"screen-reader-text\">\u201eErreichbarkeit\u201c<\/span> weiterlesen<\/a><\/p>\n","protected":false},"author":1,"featured_media":0,"parent":0,"menu_order":0,"comment_status":"closed","ping_status":"closed","template":"","meta":{"footnotes":""},"_links":{"self":[{"href":"https:\/\/hausverwalter-duesseldorf.de\/index.php?rest_route=\/wp\/v2\/pages\/327"}],"collection":[{"href":"https:\/\/hausverwalter-duesseldorf.de\/index.php?rest_route=\/wp\/v2\/pages"}],"about":[{"href":"https:\/\/hausverwalter-duesseldorf.de\/index.php?rest_route=\/wp\/v2\/types\/page"}],"author":[{"embeddable":true,"href":"https:\/\/hausverwalter-duesseldorf.de\/index.php?rest_route=\/wp\/v2\/users\/1"}],"replies":[{"embeddable":true,"href":"https:\/\/hausverwalter-duesseldorf.de\/index.php?rest_route=%2Fwp%2Fv2%2Fcomments&post=327"}],"version-history":[{"count":6,"href":"https:\/\/hausverwalter-duesseldorf.de\/index.php?rest_route=\/wp\/v2\/pages\/327\/revisions"}],"predecessor-version":[{"id":597,"href":"https:\/\/hausverwalter-duesseldorf.de\/index.php?rest_route=\/wp\/v2\/pages\/327\/revisions\/597"}],"wp:attachment":[{"href":"https:\/\/hausverwalter-duesseldorf.de\/index.php?rest_route=%2Fwp%2Fv2%2Fmedia&parent=327"}],"curies":[{"name":"wp","href":"https:\/\/api.w.org\/{rel}","templated":true}]}}