{"id":606,"date":"2026-01-30T14:11:18","date_gmt":"2026-01-30T14:11:18","guid":{"rendered":"https:\/\/hausverwalter-duesseldorf.de\/?page_id=606"},"modified":"2026-01-30T14:28:14","modified_gmt":"2026-01-30T14:28:14","slug":"ankauf-von-immobilien","status":"publish","type":"page","link":"https:\/\/hausverwalter-duesseldorf.de\/?page_id=606","title":{"rendered":"Ankauf von Immobilien in D\u00fcsseldorf, Viersen und im Kreis Neuss"},"content":{"rendered":"\n<p><strong>Wir sind immer auf der Suche nach passenden Objekten<\/strong><\/p>\n\n\n\n<p>Neben unserer T\u00e4tigkeit als WEG-Verwaltung sind wir fortlaufend am Ankauf von <strong>Mehrfamilienh\u00e4usern <\/strong>interessiert. Wir kaufen f\u00fcr den eigenen Bestand und legen gro\u00dfen Wert auf eine faire, diskrete und z\u00fcgige Abwicklung.<\/p>\n\n\n\n<p>Gesucht werden vor allem reine Wohnimmobilien in <strong>D\u00fcsseldorf <\/strong>sowie im umliegenden Raum, z.B. <strong>Viersen, M\u00f6nchengladbach, Krefeld, Kempen, Kreis Heinsberg, Kreis Neuss<\/strong> und angrenzende Regionen.<\/p>\n\n\n\n<p>Wenn Sie Eigent\u00fcmer sind \u2013 oder jemanden kennen, der \u00fcber einen Verkauf nachdenkt \u2013 freuen wir uns \u00fcber Ihre Kontaktaufnahme. Auch Hinweise von Tippgebern nehmen wir gerne entgegen und zeigen uns bei erfolgreichem Ankauf erkenntlich.<\/p>\n\n\n\n<figure class=\"wp-block-image size-large\"><img loading=\"lazy\" decoding=\"async\" width=\"1024\" height=\"683\" src=\"http:\/\/hausverwalter-duesseldorf.de\/wp-content\/uploads\/2020\/01\/IMG_6811-1024x683.jpg\" alt=\"\" class=\"wp-image-424\" srcset=\"https:\/\/hausverwalter-duesseldorf.de\/wp-content\/uploads\/2020\/01\/IMG_6811-1024x683.jpg 1024w, https:\/\/hausverwalter-duesseldorf.de\/wp-content\/uploads\/2020\/01\/IMG_6811-300x200.jpg 300w, https:\/\/hausverwalter-duesseldorf.de\/wp-content\/uploads\/2020\/01\/IMG_6811-768x512.jpg 768w\" sizes=\"(max-width: 706px) 89vw, (max-width: 767px) 82vw, 740px\" \/><figcaption class=\"wp-element-caption\">Foto: Stephan Walochnik<\/figcaption><\/figure>\n\n\n\n<p><strong>Wonach wir suchen<\/strong><\/p>\n\n\n\n<ul>\n<li>Mehrfamilienh\u00e4user<\/li>\n\n\n\n<li>Reine Wohnh\u00e4user (kein oder nur untergeordneter Gewerbeanteil)<\/li>\n\n\n\n<li>Wohnanlagen mit mehreren Wohnh\u00e4usern<\/li>\n\n\n\n<li>Eigentumswohnungen <\/li>\n\n\n\n<li>Bestandsimmobilien, gerne auch mit Modernisierungsbedarf<\/li>\n\n\n\n<li>Sanierungsobjekte \u2013 diese pr\u00fcfen wir im Einzelfall<\/li>\n<\/ul>\n\n\n\n<p><strong>Wonach wir NICHT suchen<\/strong><\/p>\n\n\n\n<ul>\n<li>Gewerbeimmobilien<\/li>\n\n\n\n<li>Neubauprojekte<\/li>\n\n\n\n<li>Unbebaute Grundst\u00fccke<\/li>\n\n\n\n<li>Einfamilienh\u00e4user<\/li>\n\n\n\n<li>Doppelhaush\u00e4lften<\/li>\n\n\n\n<li>Reihenh\u00e4user <\/li>\n<\/ul>\n\n\n\n<p>Diskretion, Professionalit\u00e4t und eine unkomplizierte Abwicklung stehen f\u00fcr uns im Vordergrund. <\/p>\n\n\n\n<p>Sprechen Sie uns gerne an \u2013 wir freuen uns \u00fcber jeden Hinweis.<\/p>\n","protected":false},"excerpt":{"rendered":"<p>Wir sind immer auf der Suche nach passenden Objekten Neben unserer T\u00e4tigkeit als WEG-Verwaltung sind wir fortlaufend am Ankauf von Mehrfamilienh\u00e4usern interessiert. Wir kaufen f\u00fcr den eigenen Bestand und legen gro\u00dfen Wert auf eine faire, diskrete und z\u00fcgige Abwicklung. Gesucht werden vor allem reine Wohnimmobilien in D\u00fcsseldorf sowie im umliegenden Raum, z.B. Viersen, M\u00f6nchengladbach, Krefeld, &hellip; <\/p>\n<p class=\"link-more\"><a href=\"https:\/\/hausverwalter-duesseldorf.de\/?page_id=606\" class=\"more-link\"><span class=\"screen-reader-text\">\u201eAnkauf von Immobilien in D\u00fcsseldorf, Viersen und im Kreis Neuss\u201c<\/span> weiterlesen<\/a><\/p>\n","protected":false},"author":1,"featured_media":0,"parent":0,"menu_order":0,"comment_status":"closed","ping_status":"closed","template":"","meta":{"footnotes":""},"_links":{"self":[{"href":"https:\/\/hausverwalter-duesseldorf.de\/index.php?rest_route=\/wp\/v2\/pages\/606"}],"collection":[{"href":"https:\/\/hausverwalter-duesseldorf.de\/index.php?rest_route=\/wp\/v2\/pages"}],"about":[{"href":"https:\/\/hausverwalter-duesseldorf.de\/index.php?rest_route=\/wp\/v2\/types\/page"}],"author":[{"embeddable":true,"href":"https:\/\/hausverwalter-duesseldorf.de\/index.php?rest_route=\/wp\/v2\/users\/1"}],"replies":[{"embeddable":true,"href":"https:\/\/hausverwalter-duesseldorf.de\/index.php?rest_route=%2Fwp%2Fv2%2Fcomments&post=606"}],"version-history":[{"count":5,"href":"https:\/\/hausverwalter-duesseldorf.de\/index.php?rest_route=\/wp\/v2\/pages\/606\/revisions"}],"predecessor-version":[{"id":612,"href":"https:\/\/hausverwalter-duesseldorf.de\/index.php?rest_route=\/wp\/v2\/pages\/606\/revisions\/612"}],"wp:attachment":[{"href":"https:\/\/hausverwalter-duesseldorf.de\/index.php?rest_route=%2Fwp%2Fv2%2Fmedia&parent=606"}],"curies":[{"name":"wp","href":"https:\/\/api.w.org\/{rel}","templated":true}]}}